{"id":8730,"date":"2024-04-19T07:04:57","date_gmt":"2024-04-19T05:04:57","guid":{"rendered":"https:\/\/ekotaxitatry.digitaldreamers.sk\/price-list\/"},"modified":"2026-03-25T09:56:52","modified_gmt":"2026-03-25T08:56:52","slug":"price-list","status":"publish","type":"page","link":"https:\/\/ekotaxitatry.sk\/en\/price-list\/","title":{"rendered":"Pricing"},"content":{"rendered":"\t\t<div data-elementor-type=\"wp-page\" data-elementor-id=\"8730\" class=\"elementor elementor-8730 elementor-219\">\n\t\t\t\t<div class=\"elementor-element elementor-element-c8d4254 e-flex e-con-boxed e-con e-parent\" data-id=\"c8d4254\" data-element_type=\"container\">\n\t\t\t\t\t<div class=\"e-con-inner\">\n\t\t\t\t<div class=\"elementor-element elementor-element-ee7e044 elementor-widget elementor-widget-luxride-title-v1\" data-id=\"ee7e044\" data-element_type=\"widget\" data-widget_type=\"luxride-title-v1.default\">\n\t\t\t\t<div class=\"elementor-widget-container\">\n\t\t\t\t\t \r\n<div class=\"title_all_box style_one dark_color\">\r\n                <h2 class=\"font-44 mb_15\">Pricing<\/h2>\r\n        <\/div>\r\n\t\t\t\t<\/div>\n\t\t\t\t<\/div>\n\t\t\t\t\t<\/div>\n\t\t\t\t<\/div>\n\t\t <div class=\"elementor-element elementor-element-59f870a5 e-flex e-con-boxed e-con e-parent\" data-id=\"59f870a5\" data-element_type=\"container\">\n\t\t\t\t\t<div class=\"e-con-inner\">\n\t\t<div class=\"elementor-element elementor-element-f329b21 e-con-full e-flex e-con e-child\" data-id=\"f329b21\" data-element_type=\"container\">\n\t\t<div class=\"elementor-element elementor-element-8707288 e-con-full e-flex e-con e-child\" data-id=\"8707288\" data-element_type=\"container\">\n\t\t\t\t<div class=\"elementor-element elementor-element-88bc877 elementor-widget elementor-widget-luxride-title-v1\" data-id=\"88bc877\" data-element_type=\"widget\" data-widget_type=\"luxride-title-v1.default\">\n\t\t\t\t<div class=\"elementor-widget-container\">\n\t\t\t\t\t \r\n<div class=\"title_all_box style_one dark_color\">\r\n                <h4 class=\"font-44 mb_15\">EKO TAXI TATRY Pricing<\/h4>\r\n        <\/div>\r\n\t\t\t\t<\/div>\n\t\t\t\t<\/div>\n\t\t\t\t<div class=\"elementor-element elementor-element-e81c2dc elementor-widget elementor-widget-luxride-themebtns-v1\" data-id=\"e81c2dc\" data-element_type=\"widget\" data-widget_type=\"luxride-themebtns-v1.default\">\n\t\t\t\t<div class=\"elementor-widget-container\">\n\t\t\t\t\t  \r\n<div class=\"theme_btn_all\">\r\n            <a class=\"lint_btn\" href=\"https:\/\/ekotaxitatry.digitaldreamers.sk\/en\/sluzby\/taxi-po-tatrach\/\"  target=&quot;_blank&quot;  rel=&quot;nofollow&quot;>\r\n            Book Service                            <div class=\"icon_box\">\r\n                    \r\n                                            <div class=\"icons\">\r\n                            <span class=\"luxride-up-right-arrow\"><\/span>\r\n                        <\/div>\r\n                    \r\n                                    <\/div>\r\n             \r\n        <\/a> \r\n     \r\n<\/div>\r\n\r\n\t\t\t\t<\/div>\n\t\t\t\t<\/div>\n\t\t\t\t<\/div>\n\t\t\t\t<div class=\"elementor-element elementor-element-9a77bd5 elementor-widget__width-inherit elementor-widget elementor-widget-luxride-text-editor-v1\" data-id=\"9a77bd5\" data-element_type=\"widget\" data-widget_type=\"luxride-text-editor-v1.default\">\n\t\t\t\t<div class=\"elementor-widget-container\">\n\t\t\t\t\t        <div class=\"position-relative position_p_relative\">\r\n                <table><thead><tr style=\"background-color: #30454b\"><th style=\"color: white;border-top-left-radius: 20px;overflow: hidden\">Route<\/th><th style=\"color: white\">Price from<\/th><th style=\"color: white;border-top-right-radius: 20px;overflow: hidden\">Ride duration<\/th><\/tr><\/thead><tbody><tr><td>Taxi in the Tatras<\/td><td>from 10 \u20ac<\/td><td>-<\/td><\/tr><tr><td>Poprad &amp; nearby areas<\/td><td>from 5 \u20ac<\/td><td>-<\/td><\/tr><tr><td>Poprad - Tatransk\u00e1 \u0160trba<\/td><td>22 \u20ac<\/td><td>18 min<\/td><\/tr><tr><td>Poprad - \u0160trbsk\u00e9 pleso<\/td><td>35 \u20ac<\/td><td>30 min<\/td><\/tr><tr><td>Poprad - Star\u00fd Smokovec<\/td><td>18 \u20ac<\/td><td>15 min<\/td><\/tr><tr><td>Poprad - Doln\u00fd Smokovec<\/td><td>15 \u20ac<\/td><td>10 min<\/td><\/tr><tr><td>Poprad - Tatransk\u00e1 Lomnica<\/td><td>from 22 \u20ac<\/td><td>20 min<\/td><\/tr><tr><td>Poprad - \u017ddiar<\/td><td>43 \u20ac<\/td><td>35 min<\/td><\/tr><tr><td>Poprad - Zakopan\u00e9<\/td><td>90 \u20ac<\/td><td>1 h 20 min<\/td><\/tr><tr><td>Poprad - Liptovsk\u00fd Mikul\u00e1\u0161<\/td><td>60 \u20ac<\/td><td>40 min<\/td><\/tr><tr><td>Poprad - Bansk\u00e1 Bystrica<\/td><td>130 \u20ac<\/td><td>1 h 50 min<\/td><\/tr><tr><td>Poprad - \u017dilina<\/td><td>140 \u20ac<\/td><td>1 h 50 min<\/td><\/tr><tr><td>Poprad - Pre\u0161ov<\/td><td>87 \u20ac<\/td><td>60 min<\/td><\/tr><tr><td>Poprad - Ko\u0161ice<\/td><td>120 \u20ac<\/td><td>1 h 20 min<\/td><\/tr><tr><td>Poprad - Michalovce<\/td><td>190 \u20ac<\/td><td>2 h<\/td><\/tr><\/tbody><\/table><p style=\"text-align: left\">*The price includes 10 minutes of waiting at the address. After this period, a fee of \u20ac0.50 per started minute applies.<\/p><p style=\"text-align: left\"><span style=\"color: #ff0000\">**A \u20ac250 fee applies for interior contamination requiring professional cleaning.<\/span><\/p>            <\/div>\r\n        \t\t\t\t<\/div>\n\t\t\t\t<\/div>\n\t\t\t\t<\/div>\n\t\t<div class=\"elementor-element elementor-element-9f4af57 e-con-full e-flex e-con e-child\" data-id=\"9f4af57\" data-element_type=\"container\">\n\t\t<div class=\"elementor-element elementor-element-8f40c1b e-con-full e-flex e-con e-child\" data-id=\"8f40c1b\" data-element_type=\"container\">\n\t\t\t\t<div class=\"elementor-element elementor-element-332b22f elementor-widget elementor-widget-luxride-title-v1\" data-id=\"332b22f\" data-element_type=\"widget\" data-widget_type=\"luxride-title-v1.default\">\n\t\t\t\t<div class=\"elementor-widget-container\">\n\t\t\t\t\t \r\n<div class=\"title_all_box style_one dark_color\">\r\n                <h4 class=\"font-44 mb_15\">Trips Pricing<\/h4>\r\n        <\/div>\r\n\t\t\t\t<\/div>\n\t\t\t\t<\/div>\n\t\t\t\t<div class=\"elementor-element elementor-element-93e0f65 elementor-widget elementor-widget-luxride-themebtns-v1\" data-id=\"93e0f65\" data-element_type=\"widget\" data-widget_type=\"luxride-themebtns-v1.default\">\n\t\t\t\t<div class=\"elementor-widget-container\">\n\t\t\t\t\t \r\n<div class=\"theme_btn_all\">\r\n            <a class=\"lint_btn\" href=\"https:\/\/ekotaxitatry.digitaldreamers.sk\/en\/sluzby\/vylety-na-mieru\/\"  target=&quot;_blank&quot;  rel=&quot;nofollow&quot;>\r\n            Book Service                            <div class=\"icon_box\">\r\n                    \r\n                                            <div class=\"icons\">\r\n                            <span class=\"luxride-up-right-arrow\"><\/span>\r\n                        <\/div>\r\n                    \r\n                                    <\/div>\r\n             \r\n        <\/a> \r\n     \r\n<\/div>\r\n\r\n\t\t\t\t<\/div>\n\t\t\t\t<\/div>\n\t\t\t\t<\/div>\n\t\t\t\t<div class=\"elementor-element elementor-element-03d2025 elementor-widget elementor-widget-luxride-text-editor-v1\" data-id=\"03d2025\" data-element_type=\"widget\" data-widget_type=\"luxride-text-editor-v1.default\">\n\t\t\t\t<div class=\"elementor-widget-container\">\n\t\t\t\t\t        <div class=\"position-relative position_p_relative\">\r\n                <table><thead><tr style=\"background-color: #30454b\"><th style=\"color: white;border-top-left-radius: 20px;overflow: hidden\">Route<\/th><th style=\"color: white;border-top-right-radius: 20px;overflow: hidden\">Price from<\/th><\/tr><\/thead><tbody><tr><td>Trips in the Tatras<\/td><td>from 50 \u20ac<\/td><\/tr><\/tbody><\/table><p style=\"text-align: left\"><span style=\"color: #ff0000\">*A \u20ac250 fee applies for interior contamination requiring professional cleaning.<\/span><\/p>            <\/div>\r\n        \t\t\t\t<\/div>\n\t\t\t\t<\/div>\n\t\t\t\t<\/div>\n\t\t<div class=\"elementor-element elementor-element-f8fba77 e-con-full e-flex e-con e-child\" data-id=\"f8fba77\" data-element_type=\"container\">\n\t\t<div class=\"elementor-element elementor-element-9d38f4a e-con-full e-flex e-con e-child\" data-id=\"9d38f4a\" data-element_type=\"container\">\n\t\t\t\t<div class=\"elementor-element elementor-element-c1c1926 elementor-widget elementor-widget-luxride-title-v1\" data-id=\"c1c1926\" data-element_type=\"widget\" data-widget_type=\"luxride-title-v1.default\">\n\t\t\t\t<div class=\"elementor-widget-container\">\n\t\t\t\t\t \r\n<div class=\"title_all_box style_one dark_color\">\r\n                <h4 class=\"font-44 mb_15\">Airport Transfers Pricing<\/h4>\r\n        <\/div>\r\n\t\t\t\t<\/div>\n\t\t\t\t<\/div>\n\t\t\t\t<div class=\"elementor-element elementor-element-959f741 elementor-widget elementor-widget-luxride-themebtns-v1\" data-id=\"959f741\" data-element_type=\"widget\" data-widget_type=\"luxride-themebtns-v1.default\">\n\t\t\t\t<div class=\"elementor-widget-container\">\n\t\t\t\t\t \r\n<div class=\"theme_btn_all\">\r\n            <a class=\"lint_btn\" href=\"https:\/\/ekotaxitatry.digitaldreamers.sk\/en\/sluzby\/letiskove-transfery\/\"  target=&quot;_blank&quot;  rel=&quot;nofollow&quot;>\r\n            Book Service                            <div class=\"icon_box\">\r\n                    \r\n                                            <div class=\"icons\">\r\n                            <span class=\"luxride-up-right-arrow\"><\/span>\r\n                        <\/div>\r\n                    \r\n                                    <\/div>\r\n             \r\n        <\/a> \r\n     \r\n<\/div>\r\n\r\n\t\t\t\t<\/div>\n\t\t\t\t<\/div>\n\t\t\t\t<\/div>\n\t\t\t\t<div class=\"elementor-element elementor-element-51986ab elementor-widget__width-inherit elementor-widget elementor-widget-luxride-text-editor-v1\" data-id=\"51986ab\" data-element_type=\"widget\" data-widget_type=\"luxride-text-editor-v1.default\">\n\t\t\t\t<div class=\"elementor-widget-container\">\n\t\t\t\t\t        <div class=\"position-relative position_p_relative\">\r\n                <table><thead><tr style=\"background-color: #30454b\"><th style=\"color: white;border-top-left-radius: 20px;overflow: hidden\">Route<\/th><th style=\"color: white\">Price from<\/th><th style=\"color: white;border-top-right-radius: 20px;overflow: hidden\">Ride duration<\/th><\/tr><\/thead><tbody><tr><td>Poprad \u27f7 Poprad Airport<\/td><td>from 15 \u20ac<\/td><td>10 min<\/td><\/tr><tr><td>Tatras \u27f7 Krakow Airport (PL)<\/td><td>from 180 \u20ac<\/td><td>2 h 30 min<\/td><\/tr><tr><td>Poprad \u27f7 Ko\u0161ice Airport<\/td><td>from 130 \u20ac<\/td><td>1 h 45 min<\/td><\/tr><tr><td>Poprad \u27f7 Bratislava Airport<\/td><td>from 320 \u20ac<\/td><td>4 h<\/td><\/tr><tr><td>Poprad \u27f7 Vienna Airport<\/td><td>from 350 \u20ac<\/td><td>5 h<\/td><\/tr><tr><td>Poprad \u27f7 Budapest Airport<\/td><td>from 350 \u20ac<\/td><td>5 h<\/td><\/tr><\/tbody><\/table><p style=\"text-align: left\">*For airport transfers, waiting at arrival is free of charge.<\/p><p style=\"text-align: left\"><span style=\"color: #ff0000\">**A \u20ac250 fee applies for interior contamination requiring professional cleaning.<\/span><\/p>            <\/div>\r\n        \t\t\t\t<\/div>\n\t\t\t\t<\/div>\n\t\t\t\t<\/div>\n\t\t\t\t\t<\/div>\n\t\t\t\t<\/div>\n\t\t\t\t<\/div>\n\t\t","protected":false},"excerpt":{"rendered":"<p>Pricing EKO TAXI TATRY Pricing Book Service Route Price from Ride duration Taxi in the Tatras from 10 \u20ac &#8211; Poprad &amp; nearby areas from 5 \u20ac &#8211; Poprad &#8211; Tatransk\u00e1 \u0160trba 22 \u20ac 18 min Poprad &#8211; \u0160trbsk\u00e9 pleso 35 \u20ac 30 min Poprad &#8211; Star\u00fd Smokovec 18 \u20ac 15 min Poprad &#8211; Doln\u00fd [&hellip;]<\/p>\n","protected":false},"author":2,"featured_media":0,"parent":0,"menu_order":0,"comment_status":"closed","ping_status":"closed","template":"template-fullwidth.php","meta":{"footnotes":""},"class_list":["post-8730","page","type-page","status-publish","hentry"],"_links":{"self":[{"href":"https:\/\/ekotaxitatry.sk\/en\/wp-json\/wp\/v2\/pages\/8730","targetHints":{"allow":["GET"]}}],"collection":[{"href":"https:\/\/ekotaxitatry.sk\/en\/wp-json\/wp\/v2\/pages"}],"about":[{"href":"https:\/\/ekotaxitatry.sk\/en\/wp-json\/wp\/v2\/types\/page"}],"author":[{"embeddable":true,"href":"https:\/\/ekotaxitatry.sk\/en\/wp-json\/wp\/v2\/users\/2"}],"replies":[{"embeddable":true,"href":"https:\/\/ekotaxitatry.sk\/en\/wp-json\/wp\/v2\/comments?post=8730"}],"version-history":[{"count":19,"href":"https:\/\/ekotaxitatry.sk\/en\/wp-json\/wp\/v2\/pages\/8730\/revisions"}],"predecessor-version":[{"id":8971,"href":"https:\/\/ekotaxitatry.sk\/en\/wp-json\/wp\/v2\/pages\/8730\/revisions\/8971"}],"wp:attachment":[{"href":"https:\/\/ekotaxitatry.sk\/en\/wp-json\/wp\/v2\/media?parent=8730"}],"curies":[{"name":"wp","href":"https:\/\/api.w.org\/{rel}","templated":true}]}}